{"id":2819,"date":"2019-09-09T13:27:54","date_gmt":"2019-09-09T13:27:54","guid":{"rendered":"http:\/\/truevictory.net\/home\/"},"modified":"2025-08-19T19:45:26","modified_gmt":"2025-08-19T19:45:26","slug":"home","status":"publish","type":"page","link":"https:\/\/truevictory.net\/es\/","title":{"rendered":"Home"},"content":{"rendered":"\t\t<div data-elementor-type=\"wp-page\" data-elementor-id=\"2819\" class=\"elementor elementor-2819\" data-elementor-post-type=\"page\">\n\t\t\t\t<div class=\"elementor-element elementor-element-21abe0b e-flex e-con-boxed e-con e-parent\" data-id=\"21abe0b\" data-element_type=\"container\" data-e-type=\"container\" data-settings=\"{&quot;background_background&quot;:&quot;classic&quot;,&quot;jet_parallax_layout_list&quot;:[]}\">\n\t\t\t\t\t<div class=\"e-con-inner\">\n\t\t\t\t<div class=\"elementor-element elementor-element-18b005d elementor-widget elementor-widget-heading\" data-id=\"18b005d\" data-element_type=\"widget\" data-e-type=\"widget\" data-widget_type=\"heading.default\">\n\t\t\t\t<div class=\"elementor-widget-container\">\n\t\t\t\t\t<h2 class=\"elementor-heading-title elementor-size-default\">Este sitio web celebra la verdadera victoria en los deportes y en la vida, tanto ahora como para siempre. \u00a1Por favor, m\u00edralo!<\/h2>\t\t\t\t<\/div>\n\t\t\t\t<\/div>\n\t\t\t\t\t<\/div>\n\t\t\t\t<\/div>\n\t\t<div class=\"elementor-element elementor-element-f84b6f1 e-flex e-con-boxed e-con e-parent\" data-id=\"f84b6f1\" data-element_type=\"container\" data-e-type=\"container\" data-settings=\"{&quot;jet_parallax_layout_list&quot;:[]}\">\n\t\t\t\t\t<div class=\"e-con-inner\">\n\t\t<div class=\"elementor-element elementor-element-a6579ac e-con-full e-flex e-con e-child\" data-id=\"a6579ac\" data-element_type=\"container\" data-e-type=\"container\" data-settings=\"{&quot;jet_parallax_layout_list&quot;:[]}\">\n\t\t\t\t<div class=\"elementor-element elementor-element-3e3c09a elementor-widget elementor-widget-heading\" data-id=\"3e3c09a\" data-element_type=\"widget\" data-e-type=\"widget\" data-widget_type=\"heading.default\">\n\t\t\t\t<div class=\"elementor-widget-container\">\n\t\t\t\t\t<h2 class=\"elementor-heading-title elementor-size-default\">Victoria en los Deportes<\/h2>\t\t\t\t<\/div>\n\t\t\t\t<\/div>\n\t\t<div class=\"elementor-element elementor-element-af8968a e-con-full e-flex e-con e-child\" data-id=\"af8968a\" data-element_type=\"container\" data-e-type=\"container\" data-settings=\"{&quot;jet_parallax_layout_list&quot;:[]}\">\n\t\t<div class=\"elementor-element elementor-element-397e542 e-con-full e-flex e-con e-child\" data-id=\"397e542\" data-element_type=\"container\" data-e-type=\"container\" data-settings=\"{&quot;jet_parallax_layout_list&quot;:[]}\">\n\t\t\t\t<div class=\"elementor-element elementor-element-57b08e5 elementor-widget elementor-widget-jet-team-member\" data-id=\"57b08e5\" data-element_type=\"widget\" data-e-type=\"widget\" data-widget_type=\"jet-team-member.default\">\n\t\t\t\t<div class=\"elementor-widget-container\">\n\t\t\t\t\t<div class=\"elementor-jet-team-member jet-elements\"><div class=\"jet-team-member\">\n\t<div class=\"jet-team-member__inner\">\n\t\t<div class=\"jet-team-member__image\">\n\t\t\t<div class=\"jet-team-member__cover\"><\/div>\n\t\t\t<figure class=\"jet-team-member__figure\"><img fetchpriority=\"high\" decoding=\"async\" width=\"257\" height=\"300\" src=\"https:\/\/truevictory.net\/wp-content\/uploads\/2022\/05\/senna.jpg\" class=\"jet-team-member__img-tag\" alt=\"senna\" \/><\/figure>\t\t<\/div>\n\t\t<div class=\"jet-team-member__content\"><div class=\"jet-team-member__socials\"><div class=\"jet-team-member__socials-item\"><a href=\"#\" aria-label=\"Twitter\"><\/a><\/div><\/div><\/div>\n\t<\/div>\n<\/div>\n<\/div>\t\t\t\t<\/div>\n\t\t\t\t<\/div>\n\t\t\t\t<div class=\"elementor-element elementor-element-204f624 elementor-widget elementor-widget-heading\" data-id=\"204f624\" data-element_type=\"widget\" data-e-type=\"widget\" data-widget_type=\"heading.default\">\n\t\t\t\t<div class=\"elementor-widget-container\">\n\t\t\t\t\t<h2 class=\"elementor-heading-title elementor-size-default\"> Marcos Senna - Espa\u00f1a - F\u00fatbol<\/h2>\t\t\t\t<\/div>\n\t\t\t\t<\/div>\n\t\t\t\t<div class=\"elementor-element elementor-element-71ca7ef elementor-widget elementor-widget-text-editor\" data-id=\"71ca7ef\" data-element_type=\"widget\" data-e-type=\"widget\" data-widget_type=\"text-editor.default\">\n\t\t\t\t<div class=\"elementor-widget-container\">\n\t\t\t\t\t\t\t\t\t<div data-pm-slice=\"1 1 []\" data-en-clipboard=\"true\"><p>Marcos Senna se dio cuenta que Cristo, no las circunstancias de la vida, nos da paz.<\/p><p>Con cuatro lesiones en las rodillas durante su carrera, seria razonable que Marcos Senna estuviera desanimado, quemado o desilusionado con el futbol.<\/p><p>Pero es todo lo contrario para el veterano jugador que tiene 14 a\u00f1os jugando profesionalmente y que actualmente est\u00e1 tan saludable que esta jugando con la Selecci\u00f3n Nacional de Espa\u00f1a, que es el equipo n\u00famero 1 en el ranking de la FIFA\/Coca Cola y que en \u00e9ste verano va a la Copa del Mundo en Sur \u00c1frica.<\/p><p>\u201cEstoy en paz,\u201d dice Senna, un medio campista que tendr\u00e1 34 el 17 de Julio. \u201cSe que Dios tiene un prop\u00f3sito para nuestras vidas. Si estoy lesionado, es por una raz\u00f3n que estoy lesionado y entiendo que estar\u00e9 mejor con el tiempo. Entiendo que Dios\u2026 me guardar\u00e1. Y por esta raz\u00f3n tengo mucha calma.\u201d<\/p><p>Senna, que naci\u00f3 en la pobreza en Brasil y comenz\u00f3 a jugar f\u00fatbol en las calles a la edad de 6, se convirti\u00f3 en ciudadano Espa\u00f1ol en el 2006 despu\u00e9s que Luis Aragon\u00e9s, entrenador de Senna con el Villarreal CF, le pidi\u00f3 que jugara con la Selecci\u00f3n Nacional de Espa\u00f1a.<\/p><p><strong>\u201cLa verdad es que mi vida cambi\u00f3\u201d<\/strong><\/p><p>\u201cYo no iba a renunciar a mi nacionalidad por nacimiento &#8211; Brasile\u00f1a,\u201d dijo Senna. \u201cEn ese entonces, pens\u00e9 que era el mejor movimiento y privilegio al tener doble nacionalidad y la oportunidad de jugar para Espa\u00f1a, uno de los mejores equipos del mundo. La verdad es que mi vida ha cambiado. Ha sido extraordinario.\u201d<\/p><p>Senna, que est\u00e1 jugando su segunda Copa del Mundo, ha jugado para Espa\u00f1a desde el 2006, y para el Villarreal CF desde el 2002, y ha sido el capit\u00e1n del equipo los dos a\u00f1os pasados. Ayud\u00f3 a Espa\u00f1a a ganar la Eurocopa del 2008, derrotando a Alemania 1-0 para ganar su primera Eurocopa desde 1964. Varias publicaciones nombraron a Senna jugador mas valioso del torneo despu\u00e9s de ayudar a Espa\u00f1a a convertirse en el primer equipo sin ninguna derrota en el torneo desde Alemania en 1996.<\/p><p><strong>Senna ayud\u00f3 a Espa\u00f1a a ganar o empatar en 35 partidos consecutivos<\/strong><\/p><p>Desde Noviembre del 2006 hasta Junio del 2009, tambi\u00e9n ayud\u00f3 a Espa\u00f1a a ganar o empatar en 35 partidos consecutivos, empatando la marca establecida por Brasil, y a tener un registro de 15 victorias consecutivas en ese mismo lapso as\u00ed como ayudar a Espa\u00f1a a convertirse en el equipo n\u00famero 1 del ranking de la FIFA por primera vez en la historia de esa naci\u00f3n. La racha termino en la semi final de la Copa Confederaciones con una triste derrota de 2 \u2013 0 con los Estados Unidos.<\/p><p>Antes de ir al Villarreal CF y a la Selecci\u00f3n Nacional de Espa\u00f1a, pas\u00f3 menos de un a\u00f1o con el San Cayetano de Brasil en el 2002. Aunque fue corto, le cambio la vida. \u201cMe invitaron a una reuni\u00f3n y fui,\u201d recuerda Senna. \u201cEn esa etapa de mi vida no sabia mucho de la Biblia. Hab\u00eda estado en la Iglesia con mi madre, pero al crecer por alguna raz\u00f3n pare de asistir. No era bautizado ni nada, pero sab\u00eda unas cosas por mi madre y mi abuela\u2026 Ten\u00eda 25 casi 26 y me invitaron a la reuni\u00f3n. Me gusto y segu\u00ed yendo. Despu\u00e9s de ser cristiano por ocho meses me contrat\u00f3 el Villareal y me un\u00ed a una Iglesia en Villareal en la que fui bautizado.\u201d\u00a0<\/p><p>\u00a0<strong>\u201cEs la mejor decisi\u00f3n que cualquiera puede hacer\u201d<\/strong><\/p><p>Senna tambi\u00e9n entiende que la fama, dinero y otras cosas materiales no son suficientes para satisfacer a una persona.<\/p><p>\u00a0\u201cSi est\u00e1s preocupado por algo, no creo que el dinero es la respuesta,\u201d comenta Senna. \u201cPero el Esp\u00edritu de Dios est\u00e1 sobre todas las cosas. Dios puede darte felicidad, paz y gozo. Con solo hablar de esto me sonr\u00edo. Esto me ha hecho muy feliz y cambio mi vida completamente. Es la mejor decisi\u00f3n que cualquiera puede hacer en su vida.\u201d<\/p><\/div>\t\t\t\t\t\t\t\t<\/div>\n\t\t\t\t<\/div>\n\t\t\t\t<\/div>\n\t\t\t\t<\/div>\n\t\t\t\t<\/div>\n\t\t\t\t\t<\/div>\n\t\t\t\t<\/div>\n\t\t\t\t<section class=\"elementor-section elementor-top-section elementor-element elementor-element-1b8579e0 elementor-section-boxed elementor-section-height-default elementor-section-height-default\" data-id=\"1b8579e0\" data-element_type=\"section\" data-e-type=\"section\" data-settings=\"{&quot;jet_parallax_layout_list&quot;:[]}\">\n\t\t\t\t\t\t<div class=\"elementor-container elementor-column-gap-default\">\n\t\t\t\t\t<div class=\"elementor-column elementor-col-100 elementor-top-column elementor-element elementor-element-1a8712a7\" data-id=\"1a8712a7\" data-element_type=\"column\" data-e-type=\"column\">\n\t\t\t<div class=\"elementor-widget-wrap elementor-element-populated\">\n\t\t\t\t\t\t<div class=\"elementor-element elementor-element-55c0e7e1 elementor-widget-divider--separator-type-pattern elementor-widget-divider--view-line elementor-widget elementor-widget-divider\" data-id=\"55c0e7e1\" data-element_type=\"widget\" data-e-type=\"widget\" data-widget_type=\"divider.default\">\n\t\t\t\t<div class=\"elementor-widget-container\">\n\t\t\t\t\t\t\t<div class=\"elementor-divider\" style=\"--divider-pattern-url: url(&quot;data:image\/svg+xml,%3Csvg xmlns=&#039;http:\/\/www.w3.org\/2000\/svg&#039; preserveAspectRatio=&#039;none&#039; overflow=&#039;visible&#039; height=&#039;100%&#039; viewBox=&#039;0 0 24 24&#039; fill=&#039;none&#039; stroke=&#039;black&#039; stroke-width=&#039;1&#039; stroke-linecap=&#039;square&#039; stroke-miterlimit=&#039;10&#039;%3E%3Cpolyline points=&#039;0,18 12,6 24,18 &#039;\/%3E%3C\/svg%3E&quot;);\">\n\t\t\t<span class=\"elementor-divider-separator\">\n\t\t\t\t\t\t<\/span>\n\t\t<\/div>\n\t\t\t\t\t\t<\/div>\n\t\t\t\t<\/div>\n\t\t\t\t\t<\/div>\n\t\t<\/div>\n\t\t\t\t\t<\/div>\n\t\t<\/section>\n\t\t<div class=\"elementor-element elementor-element-260c579 e-flex e-con-boxed e-con e-parent\" data-id=\"260c579\" data-element_type=\"container\" data-e-type=\"container\" data-settings=\"{&quot;jet_parallax_layout_list&quot;:[]}\">\n\t\t\t\t\t<div class=\"e-con-inner\">\n\t\t<div class=\"elementor-element elementor-element-da71abb e-con-full e-flex e-con e-child\" data-id=\"da71abb\" data-element_type=\"container\" data-e-type=\"container\" data-settings=\"{&quot;jet_parallax_layout_list&quot;:[]}\">\n\t\t\t\t<div class=\"elementor-element elementor-element-b0f52f1 elementor-widget elementor-widget-heading\" data-id=\"b0f52f1\" data-element_type=\"widget\" data-e-type=\"widget\" data-widget_type=\"heading.default\">\n\t\t\t\t<div class=\"elementor-widget-container\">\n\t\t\t\t\t<h2 class=\"elementor-heading-title elementor-size-default\">Victoria en La Vida<\/h2>\t\t\t\t<\/div>\n\t\t\t\t<\/div>\n\t\t<div class=\"elementor-element elementor-element-38e1c8b e-con-full e-flex e-con e-child\" data-id=\"38e1c8b\" data-element_type=\"container\" data-e-type=\"container\" data-settings=\"{&quot;jet_parallax_layout_list&quot;:[]}\">\n\t\t<div class=\"elementor-element elementor-element-0fab34e e-con-full e-flex e-con e-child\" data-id=\"0fab34e\" data-element_type=\"container\" data-e-type=\"container\" data-settings=\"{&quot;jet_parallax_layout_list&quot;:[]}\">\n\t\t\t\t<div class=\"elementor-element elementor-element-50828c1 elementor-widget elementor-widget-jet-team-member\" data-id=\"50828c1\" data-element_type=\"widget\" data-e-type=\"widget\" data-widget_type=\"jet-team-member.default\">\n\t\t\t\t<div class=\"elementor-widget-container\">\n\t\t\t\t\t<div class=\"elementor-jet-team-member jet-elements\"><div class=\"jet-team-member\">\n\t<div class=\"jet-team-member__inner\">\n\t\t<div class=\"jet-team-member__image\">\n\t\t\t<div class=\"jet-team-member__cover\"><\/div>\n\t\t\t<figure class=\"jet-team-member__figure\"><img decoding=\"async\" width=\"1599\" height=\"870\" src=\"https:\/\/truevictory.net\/wp-content\/uploads\/2022\/04\/heaven.jpg\" class=\"jet-team-member__img-tag\" alt=\"heaven\" srcset=\"https:\/\/truevictory.net\/wp-content\/uploads\/2022\/04\/heaven.jpg 1599w, https:\/\/truevictory.net\/wp-content\/uploads\/2022\/04\/heaven-300x163.jpg 300w, https:\/\/truevictory.net\/wp-content\/uploads\/2022\/04\/heaven-1024x557.jpg 1024w, https:\/\/truevictory.net\/wp-content\/uploads\/2022\/04\/heaven-768x418.jpg 768w, https:\/\/truevictory.net\/wp-content\/uploads\/2022\/04\/heaven-1536x836.jpg 1536w\" sizes=\"(max-width: 1599px) 100vw, 1599px\" \/><\/figure>\t\t<\/div>\n\t\t<div class=\"jet-team-member__content\"><div class=\"jet-team-member__socials\"><div class=\"jet-team-member__socials-item\"><a href=\"#\" aria-label=\"Twitter\"><\/a><\/div><\/div><\/div>\n\t<\/div>\n<\/div>\n<\/div>\t\t\t\t<\/div>\n\t\t\t\t<\/div>\n\t\t\t\t<div class=\"elementor-element elementor-element-0245508 elementor-widget elementor-widget-text-editor\" data-id=\"0245508\" data-element_type=\"widget\" data-e-type=\"widget\" data-widget_type=\"text-editor.default\">\n\t\t\t\t<div class=\"elementor-widget-container\">\n\t\t\t\t\t\t\t\t\t<div data-pm-slice=\"1 1 []\" data-en-clipboard=\"true\"><p>Por mucho tiempo, los atletas han aspirado a alcanzar la victoria. Pasan muchos a\u00f1os de entrenamiento, de auto-disciplina, perseverancia, paciencia, y preparaci\u00f3n para lograr la meta. Sea deportista de un equipo o haga competencia individual, la esperanza es alcanzar el \u00e9xito de la victoria.<\/p><p>\u00bfCu\u00e1l es la victoria verdadera?<br \/>stylos de Crot\u00f3n, un campe\u00f3n ol\u00edmpico de la antigua Grecia, llev\u00f3 la meritoria rama de olivos seis veces, ganando la suma de la victoria de tres olimp\u00edadas. Astylos, un corredor quien bati\u00f3 muchos r\u00e9cords, su reclamaci\u00f3n a la fama fue el triunfo de un evento en el que los atletas que hab\u00edan corrido se vest\u00edan en un traje de armadura. A pesar de su fama y renombre, que \u00e9l estaba en medio de los que hab\u00edan logrado el punto culminante del atletismo, Astylos fue un hombre que muri\u00f3 solo y derrotado. Fue descubierto por sus compatriotas que \u00e9l hab\u00eda aceptado un soborno para participar debajo de la bandera de Siracusa. Para deshonrar su nombre, los ciudadanos de Crot\u00f3n derribaron su estatua y convirtieron su hogar en una c\u00e1rcel. Adem\u00e1s, su familia reneg\u00f3 de \u00e9l.<\/p><p>La victoria de Astylos fue temporal. \u201cY todo aquel que se ejercita en la lucha, es sobrio en todo; y aquellos lo hacen para recibir una corona corruptible; mas nosotros, incorruptible.\u201d (1 Corintios 9:25) La victoria verdadera que dura no se encuentra en los trofeos, ni en los medallones, ni en la adoraci\u00f3n del hombre. El medallero quien recibe las acoladas hoy, ser\u00e1 reemplazado por otro ma\u00f1ana. La vejez, las heridas, y la popularidad que se desvanece impiden a la victoria ser permanente. La victoria verdadera no se encuentra en una posici\u00f3n sino en una persona, Jesu Cristo. \u201cPorque \u00bfqu\u00e9 aprovechar\u00e1 al hombre si ganare todo el mundo, y perdiere su alma?\u201d (Marcos 8:36)<\/p><p>Amigo, si buscas la victoria verdadera, ya ha sido ganada para ti.<\/p><ol><li>Sin Jesu Cristo, todos somos perdedores. \u201cPor cuanto todos pecaron, y est\u00e1n destituidos de la gloria de Dios.\u201d (Romanos 3:23) A causa de que somos pecadores, todos estamos bajo la condenaci\u00f3n del pecado. La derrota es inevitable.<\/li><li>La condenaci\u00f3n de nuestro pecado nos mandar\u00e1 a una muerte eterna en el infierno. \u201cPorque la paga del pecado es la muerte;\u201d (Romanos 6:23) \u201cPor tanto, as\u00ed como el pecado entr\u00f3 en el mundo por un hombre, y por el pecado la muerte y la muerte as\u00ed pas\u00f3 a todos los hombres por cuanto todos pecaron;\u201d (Romanos 5:12) Si hemos quebrantado aunque sea solo uno de los Diez Mandamientos de Dios, estaremos condenados delante de Dios. \u201cPorque cualquiera que hubiere guardado toda la ley, y sin embargo ofendiere en un punto, es hecho culpado de todos.\u201d (Jacobo 2:10)<\/li><li>Dios nos am\u00f3 tanto que \u00c9l dio a su \u00fanico y perfecto hijo para sufrir en nuestro lugar. \u00c9l lleg\u00f3 a ser nuestro sustituto. \u201cPorque de tal manera am\u00f3 Dios al mundo, que dio a su Hijo unig\u00e9nito; para que todo aquel que en \u00e9l cree, no perezca, mas tenga vida eterna.\u201d (Juan 3:16) \u201cA \u00e9l que no conoci\u00f3 pecado, lo hizo pecado por nosotros&#8230;\u201d (2 Corintios 5:21) \u201cMas Dios encarece su amor para con nosotros, en que siendo a\u00fan pecadores, Cristo muri\u00f3 por nosotros. Pues mucho m\u00e1s, siendo ahora justificados por su sangre, por \u00e9l seremos salvos de la ira.\u201d (Romanos 5:8-9)<\/li><li>Nuestra victoria fue ganada cuando Jesu Cristo venci\u00f3 la tumba y la muerte. \u201c\u00bfD\u00f3nde est\u00e1, oh muerte, tu aguij\u00f3n? \u00bfD\u00f3nde, oh sepulcro, tu victoria?..Mas a Dios gracias, que nos da la victoria\u2026\u201d (1 Corintios 15:55, 57) \u201cQue Cristo muri\u00f3 por nuestros pecados, seg\u00fan las Escrituras; y que fue sepultado, y que resucit\u00f3 al tercer d\u00eda, seg\u00fan las Escrituras;\u201d (1 Corintios 15:3,4)<\/li><li>La victoria de Cristo es nuestra cuando la reclamamos. El premio es la vida eterna con \u00c9l en el cielo. \u201cMas a todos los que le recibieron, di\u00f3les potestad de ser hechos hijos de Dios, a los que creen en su nombre.\u201d (Juan 1:12) \u201cPorque todo aquel que invocare el nombre del Se\u00f1or, ser\u00e1 salvo.\u201d (Romanos 10:13)<\/li><\/ol><p>Amigo, no tengas la satisfacci\u00f3n con una victoria temporal. Las acoladas del hombre, las ganancias materiales, los \u00e9xitos financieros nunca dan la paz y la satisfacci\u00f3n. \u00a1La victoria verdadera ya fue ganada para ti! Si crees que Jesu Cristo fue crucificado, sepultado y que resucit\u00f3 por ti y si conf\u00edas en \u00c9l como tu \u00fanico Salvador, vas a recibir el perd\u00f3n de todos tus pecados y el regalo de la vida eterna. Pres\u00e9ntate para reclamarlo. Invoca al \u00a1Se\u00f1or Jesu Cristo hoy!<\/p><\/div>\t\t\t\t\t\t\t\t<\/div>\n\t\t\t\t<\/div>\n\t\t\t\t<\/div>\n\t\t\t\t<\/div>\n\t\t\t\t<\/div>\n\t\t\t\t\t<\/div>\n\t\t\t\t<\/div>\n\t\t\t\t<section class=\"elementor-section elementor-top-section elementor-element elementor-element-2c393dc4 elementor-section-height-min-height elementor-section-items-stretch elementor-section-content-middle elementor-section-boxed elementor-section-height-default\" data-id=\"2c393dc4\" data-element_type=\"section\" data-e-type=\"section\" data-settings=\"{&quot;background_background&quot;:&quot;classic&quot;,&quot;jet_parallax_layout_list&quot;:[]}\">\n\t\t\t\t\t\t<div class=\"elementor-container elementor-column-gap-no\">\n\t\t\t\t\t<div class=\"elementor-column elementor-col-100 elementor-top-column elementor-element elementor-element-76dbe043\" data-id=\"76dbe043\" data-element_type=\"column\" data-e-type=\"column\">\n\t\t\t<div class=\"elementor-widget-wrap elementor-element-populated\">\n\t\t\t\t\t\t<section class=\"elementor-section elementor-inner-section elementor-element elementor-element-4e81d4ac elementor-section-content-middle elementor-section-boxed elementor-section-height-default elementor-section-height-default\" data-id=\"4e81d4ac\" data-element_type=\"section\" data-e-type=\"section\" data-settings=\"{&quot;jet_parallax_layout_list&quot;:[]}\">\n\t\t\t\t\t\t<div class=\"elementor-container elementor-column-gap-no\">\n\t\t\t\t\t<div class=\"elementor-column elementor-col-100 elementor-inner-column elementor-element elementor-element-e5bfc8d\" data-id=\"e5bfc8d\" data-element_type=\"column\" data-e-type=\"column\">\n\t\t\t<div class=\"elementor-widget-wrap elementor-element-populated\">\n\t\t\t\t\t\t<div class=\"elementor-element elementor-element-0515f3e elementor-widget elementor-widget-video\" data-id=\"0515f3e\" data-element_type=\"widget\" data-e-type=\"widget\" data-settings=\"{&quot;youtube_url&quot;:&quot;https:\\\/\\\/youtu.be\\\/MvHFPjouOkA&quot;,&quot;video_type&quot;:&quot;youtube&quot;,&quot;controls&quot;:&quot;yes&quot;}\" data-widget_type=\"video.default\">\n\t\t\t\t<div class=\"elementor-widget-container\">\n\t\t\t\t\t\t\t<div class=\"elementor-wrapper elementor-open-inline\">\n\t\t\t<div class=\"elementor-video\"><\/div>\t\t<\/div>\n\t\t\t\t\t\t<\/div>\n\t\t\t\t<\/div>\n\t\t\t\t\t<\/div>\n\t\t<\/div>\n\t\t\t\t\t<\/div>\n\t\t<\/section>\n\t\t\t\t\t<\/div>\n\t\t<\/div>\n\t\t\t\t\t<\/div>\n\t\t<\/section>\n\t\t\t\t<section class=\"elementor-section elementor-top-section elementor-element elementor-element-571d3b1 elementor-section-full_width elementor-section-height-min-height elementor-section-items-stretch elementor-section-content-middle elementor-section-height-default\" data-id=\"571d3b1\" data-element_type=\"section\" data-e-type=\"section\" data-settings=\"{&quot;background_background&quot;:&quot;classic&quot;,&quot;jet_parallax_layout_list&quot;:[]}\">\n\t\t\t\t\t\t<div class=\"elementor-container elementor-column-gap-no\">\n\t\t\t\t\t<div class=\"elementor-column elementor-col-100 elementor-top-column elementor-element elementor-element-e0a9387\" data-id=\"e0a9387\" data-element_type=\"column\" data-e-type=\"column\">\n\t\t\t<div class=\"elementor-widget-wrap elementor-element-populated\">\n\t\t\t\t\t\t<section class=\"elementor-section elementor-inner-section elementor-element elementor-element-b64867b elementor-section-content-middle elementor-section-boxed elementor-section-height-default elementor-section-height-default\" data-id=\"b64867b\" data-element_type=\"section\" data-e-type=\"section\" data-settings=\"{&quot;jet_parallax_layout_list&quot;:[]}\">\n\t\t\t\t\t\t<div class=\"elementor-container elementor-column-gap-no\">\n\t\t\t\t\t<div class=\"elementor-column elementor-col-100 elementor-inner-column elementor-element elementor-element-178c0f3\" data-id=\"178c0f3\" data-element_type=\"column\" data-e-type=\"column\">\n\t\t\t<div class=\"elementor-widget-wrap elementor-element-populated\">\n\t\t\t\t\t\t<div class=\"elementor-element elementor-element-ba73755 elementor-widget elementor-widget-heading\" data-id=\"ba73755\" data-element_type=\"widget\" data-e-type=\"widget\" data-widget_type=\"heading.default\">\n\t\t\t\t<div class=\"elementor-widget-container\">\n\t\t\t\t\t<h2 class=\"elementor-heading-title elementor-size-default\">\u00bfInteresado en m\u00e1s recursos?<\/h2>\t\t\t\t<\/div>\n\t\t\t\t<\/div>\n\t\t\t\t<div class=\"elementor-element elementor-element-37d2e1a elementor-align-start elementor-mobile-align-start elementor-icon-list--layout-traditional elementor-list-item-link-full_width elementor-widget elementor-widget-icon-list\" data-id=\"37d2e1a\" data-element_type=\"widget\" data-e-type=\"widget\" data-widget_type=\"icon-list.default\">\n\t\t\t\t<div class=\"elementor-widget-container\">\n\t\t\t\t\t\t\t<ul class=\"elementor-icon-list-items\">\n\t\t\t\t\t\t\t<li class=\"elementor-icon-list-item\">\n\t\t\t\t\t\t\t\t\t\t\t<a href=\"https:\/\/maravillosagracia.com\/\">\n\n\t\t\t\t\t\t\t\t\t\t\t\t<span class=\"elementor-icon-list-icon\">\n\t\t\t\t\t\t\t<i aria-hidden=\"true\" class=\"fas fa-bible\"><\/i>\t\t\t\t\t\t<\/span>\n\t\t\t\t\t\t\t\t\t\t<span class=\"elementor-icon-list-text\">Recursos B\u00edblicos<\/span>\n\t\t\t\t\t\t\t\t\t\t\t<\/a>\n\t\t\t\t\t\t\t\t\t<\/li>\n\t\t\t\t\t\t\t\t<li class=\"elementor-icon-list-item\">\n\t\t\t\t\t\t\t\t\t\t\t<a href=\"https:\/\/bbn1.bbnradio.org\/spanish\/\">\n\n\t\t\t\t\t\t\t\t\t\t\t\t<span class=\"elementor-icon-list-icon\">\n\t\t\t\t\t\t\t<i aria-hidden=\"true\" class=\"fas fa-broadcast-tower\"><\/i>\t\t\t\t\t\t<\/span>\n\t\t\t\t\t\t\t\t\t\t<span class=\"elementor-icon-list-text\">Radio<\/span>\n\t\t\t\t\t\t\t\t\t\t\t<\/a>\n\t\t\t\t\t\t\t\t\t<\/li>\n\t\t\t\t\t\t<\/ul>\n\t\t\t\t\t\t<\/div>\n\t\t\t\t<\/div>\n\t\t\t\t\t<\/div>\n\t\t<\/div>\n\t\t\t\t\t<\/div>\n\t\t<\/section>\n\t\t\t\t<div class=\"jet-popup-target elementor-element elementor-element-325489c elementor-align-center elementor-invisible elementor-widget elementor-widget-button\" data-jet-popup=\"{&quot;attached-popup&quot;:&quot;jet-popup-3669&quot;,&quot;trigger-type&quot;:&quot;click&quot;,&quot;trigger-custom-selector&quot;:&quot;&quot;}\" data-id=\"325489c\" data-element_type=\"widget\" data-e-type=\"widget\" data-settings=\"{&quot;_animation&quot;:&quot;pulse&quot;}\" data-widget_type=\"button.default\">\n\t\t\t\t<div class=\"elementor-widget-container\">\n\t\t\t\t\t\t\t\t\t<div class=\"elementor-button-wrapper\">\n\t\t\t\t\t<a class=\"elementor-button elementor-button-link elementor-size-sm elementor-animation-grow\" href=\"#\">\n\t\t\t\t\t\t<span class=\"elementor-button-content-wrapper\">\n\t\t\t\t\t\t\t\t\t<span class=\"elementor-button-text\">CONT\u00c1CTENOS<\/span>\n\t\t\t\t\t<\/span>\n\t\t\t\t\t<\/a>\n\t\t\t\t<\/div>\n\t\t\t\t\t\t\t\t<\/div>\n\t\t\t\t<\/div>\n\t\t\t\t\t<\/div>\n\t\t<\/div>\n\t\t\t\t\t<\/div>\n\t\t<\/section>\n\t\t\t\t<\/div>\n\t\t","protected":false},"excerpt":{"rendered":"<p>Este sitio web celebra la verdadera victoria en los deportes y en la vida, tanto ahora como para siempre. \u00a1Por favor, m\u00edralo! Victoria en los Deportes Marcos Senna &#8211; Espa\u00f1a &#8211; F\u00fatbol Marcos Senna se dio cuenta que Cristo, no las circunstancias de la vida, nos da paz. Con cuatro lesiones en las rodillas durante [&hellip;]<\/p>\n","protected":false},"author":1,"featured_media":0,"parent":0,"menu_order":0,"comment_status":"closed","ping_status":"closed","template":"elementor_header_footer","meta":{"_monsterinsights_skip_tracking":false,"_monsterinsights_sitenote_active":false,"_monsterinsights_sitenote_note":"","_monsterinsights_sitenote_category":0,"footnotes":""},"class_list":["post-2819","page","type-page","status-publish","hentry"],"_links":{"self":[{"href":"https:\/\/truevictory.net\/es\/wp-json\/wp\/v2\/pages\/2819","targetHints":{"allow":["GET"]}}],"collection":[{"href":"https:\/\/truevictory.net\/es\/wp-json\/wp\/v2\/pages"}],"about":[{"href":"https:\/\/truevictory.net\/es\/wp-json\/wp\/v2\/types\/page"}],"author":[{"embeddable":true,"href":"https:\/\/truevictory.net\/es\/wp-json\/wp\/v2\/users\/1"}],"replies":[{"embeddable":true,"href":"https:\/\/truevictory.net\/es\/wp-json\/wp\/v2\/comments?post=2819"}],"version-history":[{"count":11,"href":"https:\/\/truevictory.net\/es\/wp-json\/wp\/v2\/pages\/2819\/revisions"}],"predecessor-version":[{"id":4975,"href":"https:\/\/truevictory.net\/es\/wp-json\/wp\/v2\/pages\/2819\/revisions\/4975"}],"wp:attachment":[{"href":"https:\/\/truevictory.net\/es\/wp-json\/wp\/v2\/media?parent=2819"}],"curies":[{"name":"wp","href":"https:\/\/api.w.org\/{rel}","templated":true}]}}