{"id":3438,"date":"2019-09-09T13:27:54","date_gmt":"2019-09-09T13:27:54","guid":{"rendered":"http:\/\/truevictory.net\/home\/"},"modified":"2025-08-19T19:34:28","modified_gmt":"2025-08-19T19:34:28","slug":"home","status":"publish","type":"page","link":"https:\/\/truevictory.net\/hr\/","title":{"rendered":"Home"},"content":{"rendered":"\t\t<div data-elementor-type=\"wp-page\" data-elementor-id=\"3438\" class=\"elementor elementor-3438\" data-elementor-post-type=\"page\">\n\t\t\t\t<div class=\"elementor-element elementor-element-85be1fc e-flex e-con-boxed e-con e-parent\" data-id=\"85be1fc\" data-element_type=\"container\" data-e-type=\"container\" data-settings=\"{&quot;background_background&quot;:&quot;classic&quot;,&quot;jet_parallax_layout_list&quot;:[]}\">\n\t\t\t\t\t<div class=\"e-con-inner\">\n\t\t\t\t<div class=\"elementor-element elementor-element-570d8b8 elementor-widget elementor-widget-heading\" data-id=\"570d8b8\" data-element_type=\"widget\" data-e-type=\"widget\" data-widget_type=\"heading.default\">\n\t\t\t\t<div class=\"elementor-widget-container\">\n\t\t\t\t\t<h2 class=\"elementor-heading-title elementor-size-default\">Ova web stranica slavi istinsku pobjedu u sportu i \u017eivotu, sada i zauvijek. Molimo provjerite!\u200b<\/h2>\t\t\t\t<\/div>\n\t\t\t\t<\/div>\n\t\t\t\t\t<\/div>\n\t\t\t\t<\/div>\n\t\t<div class=\"elementor-element elementor-element-7f1330e e-flex e-con-boxed e-con e-parent\" data-id=\"7f1330e\" data-element_type=\"container\" data-e-type=\"container\" data-settings=\"{&quot;jet_parallax_layout_list&quot;:[]}\">\n\t\t\t\t\t<div class=\"e-con-inner\">\n\t\t<div class=\"elementor-element elementor-element-a6c1533 e-con-full e-flex e-con e-child\" data-id=\"a6c1533\" data-element_type=\"container\" data-e-type=\"container\" data-settings=\"{&quot;jet_parallax_layout_list&quot;:[]}\">\n\t\t\t\t<div class=\"elementor-element elementor-element-75ffb0b elementor-widget elementor-widget-heading\" data-id=\"75ffb0b\" data-element_type=\"widget\" data-e-type=\"widget\" data-widget_type=\"heading.default\">\n\t\t\t\t<div class=\"elementor-widget-container\">\n\t\t\t\t\t<h2 class=\"elementor-heading-title elementor-size-default\">Pobjeda u Sportu<\/h2>\t\t\t\t<\/div>\n\t\t\t\t<\/div>\n\t\t<div class=\"elementor-element elementor-element-33e8d74 e-con-full e-flex e-con e-child\" data-id=\"33e8d74\" data-element_type=\"container\" data-e-type=\"container\" data-settings=\"{&quot;jet_parallax_layout_list&quot;:[]}\">\n\t\t<div class=\"elementor-element elementor-element-5d47e49 e-con-full e-flex e-con e-child\" data-id=\"5d47e49\" data-element_type=\"container\" data-e-type=\"container\" data-settings=\"{&quot;jet_parallax_layout_list&quot;:[]}\">\n\t\t\t\t<div class=\"elementor-element elementor-element-7cf1a58 elementor-widget elementor-widget-jet-team-member\" data-id=\"7cf1a58\" data-element_type=\"widget\" data-e-type=\"widget\" data-widget_type=\"jet-team-member.default\">\n\t\t\t\t<div class=\"elementor-widget-container\">\n\t\t\t\t\t<div class=\"elementor-jet-team-member jet-elements\"><div class=\"jet-team-member\">\n\t<div class=\"jet-team-member__inner\">\n\t\t<div class=\"jet-team-member__image\">\n\t\t\t<div class=\"jet-team-member__cover\"><\/div>\n\t\t\t<figure class=\"jet-team-member__figure\"><img fetchpriority=\"high\" decoding=\"async\" width=\"960\" height=\"540\" src=\"https:\/\/truevictory.net\/wp-content\/uploads\/2022\/06\/kim-daniela.jpeg\" class=\"jet-team-member__img-tag\" alt=\"kim daniela\" srcset=\"https:\/\/truevictory.net\/wp-content\/uploads\/2022\/06\/kim-daniela.jpeg 960w, https:\/\/truevictory.net\/wp-content\/uploads\/2022\/06\/kim-daniela-300x169.jpeg 300w, https:\/\/truevictory.net\/wp-content\/uploads\/2022\/06\/kim-daniela-768x432.jpeg 768w\" sizes=\"(max-width: 960px) 100vw, 960px\" \/><\/figure>\t\t<\/div>\n\t\t<div class=\"jet-team-member__content\"><div class=\"jet-team-member__socials\"><div class=\"jet-team-member__socials-item\"><a href=\"#\" aria-label=\"Twitter\"><\/a><\/div><\/div><\/div>\n\t<\/div>\n<\/div>\n<\/div>\t\t\t\t<\/div>\n\t\t\t\t<\/div>\n\t\t\t\t<div class=\"elementor-element elementor-element-f118874 elementor-widget elementor-widget-heading\" data-id=\"f118874\" data-element_type=\"widget\" data-e-type=\"widget\" data-widget_type=\"heading.default\">\n\t\t\t\t<div class=\"elementor-widget-container\">\n\t\t\t\t\t<h2 class=\"elementor-heading-title elementor-size-default\">Kim Pavlin - Hrvatska   Plivanje<\/h2>\t\t\t\t<\/div>\n\t\t\t\t<\/div>\n\t\t\t\t<div class=\"elementor-element elementor-element-f2658c8 elementor-widget elementor-widget-text-editor\" data-id=\"f2658c8\" data-element_type=\"widget\" data-e-type=\"widget\" data-widget_type=\"text-editor.default\">\n\t\t\t\t<div class=\"elementor-widget-container\">\n\t\t\t\t\t\t\t\t\t<p><strong>&#8220;BOG ME JE PROVEO KROZ MNOGE BORBE I \u017dRTVE.&#8221;<\/strong><\/p><p>Upoznala sam Krista kad sam jo\u0161 bila mala, odrastaju\u0107u u domu s roditeljima kr\u0161\u0107anima koji su bili spa\u0161eni kroz slu\u017ebu Billy Grahama. Moja srednja sestra je molila sa mnom da prizovem Krista u svoj \u017eivot kad sam imala \u0161est godina. Odrasla sam poha\u0111aju\u0107i nedjeljnu \u0161kolu i crkvu koja je imala ljubav i bo\u017eansko okru\u017eenje.<\/p><p>Bilo je za\u010du\u0111uju\u0107e gledati kako je Bog koristio moje umije\u0107e plivanja i oblikovao me da budem \u0161to je mogu\u0107e bolja svjedokinja za njega. U vi\u0161im godinama srednje \u0161kole, kad sam poha\u0111ala kole\u0111 A&amp;M u Texasu, uistinu sam po\u010dela shva\u0107ati za\u0161to se bavim plivanjem. To nije bilo samo zbog sporta ili popularnosti ili reputacije koju bi ja\u00a0 time dobila, to nije \u010dak bilo niti zbog medalja, nego mi je Bog dao ovu sposobnost i talen da bi proslavila Njega i plivala za Njega i to je razlog za\u0161to to \u010dinim svaki dan. To nije zbog nekog trenutka slave ili zbog pa\u017enje medija nego zato \u0161to sam imala o\u010di usredoto\u010dene na Njega. \u00a0\u00a0\u00a0<\/p><p>Bog me je proveo kroz mnoge borbe i \u017ertve\u00a0 koje plivanje donosi. Gledam unatrag na zadnjih par godina \u0161kole i shva\u0107am da je Bog u\u010dinio tako puno stvari kroz to, puno vi\u0161e nego samo plivanje. \u010cak i pored toga da sam i\u0161la na Olimpijske igre, \u0161to je najve\u0107a stvar u mom \u017eivotu, postoji jo\u0161 puno vi\u0161e toga \u0161to mi je On podario.\u00a0 \u00a0\u00a0\u00a0<\/p><p>Zapo\u010deli smo Biblijsko pro\u010davanje za na\u0161u pliva\u010dku ekipu i na po\u010detku smo imali tri djevojke. Sada imamo desetak i vi\u0161e djevojaka. Gledaju\u0107i \u0161to se doga\u0111a u ekipi za plivanje to me \u010dini poniznom znaju\u0107i da mi je Bog koristio za taj posao u ekipi. To mi je pomoglo u te\u0161kim danima kad sam zaronjavala i izronjavala umiraju\u0107i, a On mi je \u0161aptao: &#8220;To je vi\u0161e od toga. Pogledaj \u0161to sam u\u010dinio, kako sam te ovdje koristio.&#8221; \u00a0<\/p><p>Shva\u0107am kako je bilo te\u0161ko ovo putovanje da do\u0111em do to\u010dke gdje se ostvario moj san da odem na Olimpijske ige, no Bog me je doveo tamo da to koristi za Njegovu slavu. On me je postavio na tu uzvisinu gdje trebam sjajiti svjetlo\u0161\u0107u za Njega i donositi slavu Njegovom imenu. To je najve\u0107a uzvisina koju mi je On mogao dati.<\/p>\t\t\t\t\t\t\t\t<\/div>\n\t\t\t\t<\/div>\n\t\t\t\t<\/div>\n\t\t\t\t<\/div>\n\t\t\t\t<\/div>\n\t\t\t\t\t<\/div>\n\t\t\t\t<\/div>\n\t\t<div class=\"elementor-element elementor-element-a341158 e-flex e-con-boxed e-con e-parent\" data-id=\"a341158\" data-element_type=\"container\" data-e-type=\"container\" data-settings=\"{&quot;jet_parallax_layout_list&quot;:[]}\">\n\t\t\t\t\t<div class=\"e-con-inner\">\n\t\t\t\t<div class=\"elementor-element elementor-element-e263f84 elementor-widget-divider--separator-type-pattern elementor-widget-divider--view-line elementor-widget elementor-widget-divider\" data-id=\"e263f84\" data-element_type=\"widget\" data-e-type=\"widget\" data-widget_type=\"divider.default\">\n\t\t\t\t<div class=\"elementor-widget-container\">\n\t\t\t\t\t\t\t<div class=\"elementor-divider\" style=\"--divider-pattern-url: url(&quot;data:image\/svg+xml,%3Csvg xmlns=&#039;http:\/\/www.w3.org\/2000\/svg&#039; preserveAspectRatio=&#039;none&#039; overflow=&#039;visible&#039; height=&#039;100%&#039; viewBox=&#039;0 0 24 24&#039; fill=&#039;none&#039; stroke=&#039;black&#039; stroke-width=&#039;1&#039; stroke-linecap=&#039;square&#039; stroke-miterlimit=&#039;10&#039;%3E%3Cpolyline points=&#039;0,18 12,6 24,18 &#039;\/%3E%3C\/svg%3E&quot;);\">\n\t\t\t<span class=\"elementor-divider-separator\">\n\t\t\t\t\t\t<\/span>\n\t\t<\/div>\n\t\t\t\t\t\t<\/div>\n\t\t\t\t<\/div>\n\t\t\t\t\t<\/div>\n\t\t\t\t<\/div>\n\t\t<div class=\"elementor-element elementor-element-e5c5893 e-flex e-con-boxed e-con e-parent\" data-id=\"e5c5893\" data-element_type=\"container\" data-e-type=\"container\" data-settings=\"{&quot;jet_parallax_layout_list&quot;:[]}\">\n\t\t\t\t\t<div class=\"e-con-inner\">\n\t\t<div class=\"elementor-element elementor-element-ac5f083 e-con-full e-flex e-con e-child\" data-id=\"ac5f083\" data-element_type=\"container\" data-e-type=\"container\" data-settings=\"{&quot;jet_parallax_layout_list&quot;:[]}\">\n\t\t\t\t<div class=\"elementor-element elementor-element-889ccd9 elementor-widget elementor-widget-heading\" data-id=\"889ccd9\" data-element_type=\"widget\" data-e-type=\"widget\" data-widget_type=\"heading.default\">\n\t\t\t\t<div class=\"elementor-widget-container\">\n\t\t\t\t\t<h2 class=\"elementor-heading-title elementor-size-default\">Pobjeda u \u017eivotu<\/h2>\t\t\t\t<\/div>\n\t\t\t\t<\/div>\n\t\t<div class=\"elementor-element elementor-element-632c0ef e-con-full e-flex e-con e-child\" data-id=\"632c0ef\" data-element_type=\"container\" data-e-type=\"container\" data-settings=\"{&quot;jet_parallax_layout_list&quot;:[]}\">\n\t\t<div class=\"elementor-element elementor-element-ea412b2 e-con-full e-flex e-con e-child\" data-id=\"ea412b2\" data-element_type=\"container\" data-e-type=\"container\" data-settings=\"{&quot;jet_parallax_layout_list&quot;:[]}\">\n\t\t\t\t<div class=\"elementor-element elementor-element-232cf9b elementor-widget elementor-widget-jet-team-member\" data-id=\"232cf9b\" data-element_type=\"widget\" data-e-type=\"widget\" data-widget_type=\"jet-team-member.default\">\n\t\t\t\t<div class=\"elementor-widget-container\">\n\t\t\t\t\t<div class=\"elementor-jet-team-member jet-elements\"><div class=\"jet-team-member\">\n\t<div class=\"jet-team-member__inner\">\n\t\t<div class=\"jet-team-member__image\">\n\t\t\t<div class=\"jet-team-member__cover\"><\/div>\n\t\t\t<figure class=\"jet-team-member__figure\"><img decoding=\"async\" width=\"1599\" height=\"870\" src=\"https:\/\/truevictory.net\/wp-content\/uploads\/2022\/04\/heaven.jpg\" class=\"jet-team-member__img-tag\" alt=\"heaven\" srcset=\"https:\/\/truevictory.net\/wp-content\/uploads\/2022\/04\/heaven.jpg 1599w, https:\/\/truevictory.net\/wp-content\/uploads\/2022\/04\/heaven-300x163.jpg 300w, https:\/\/truevictory.net\/wp-content\/uploads\/2022\/04\/heaven-1024x557.jpg 1024w, https:\/\/truevictory.net\/wp-content\/uploads\/2022\/04\/heaven-768x418.jpg 768w, https:\/\/truevictory.net\/wp-content\/uploads\/2022\/04\/heaven-1536x836.jpg 1536w\" sizes=\"(max-width: 1599px) 100vw, 1599px\" \/><\/figure>\t\t<\/div>\n\t\t<div class=\"jet-team-member__content\"><div class=\"jet-team-member__socials\"><div class=\"jet-team-member__socials-item\"><a href=\"#\" aria-label=\"Twitter\"><\/a><\/div><\/div><\/div>\n\t<\/div>\n<\/div>\n<\/div>\t\t\t\t<\/div>\n\t\t\t\t<\/div>\n\t\t\t\t<div class=\"elementor-element elementor-element-0cb61ea elementor-widget elementor-widget-heading\" data-id=\"0cb61ea\" data-element_type=\"widget\" data-e-type=\"widget\" data-widget_type=\"heading.default\">\n\t\t\t\t<div class=\"elementor-widget-container\">\n\t\t\t\t\t<h2 class=\"elementor-heading-title elementor-size-default\">Istina Pobjede - Bo\u017eji Plan Spasenja<\/h2>\t\t\t\t<\/div>\n\t\t\t\t<\/div>\n\t\t\t\t<div class=\"elementor-element elementor-element-8ad80f7 elementor-widget elementor-widget-text-editor\" data-id=\"8ad80f7\" data-element_type=\"widget\" data-e-type=\"widget\" data-widget_type=\"text-editor.default\">\n\t\t\t\t<div class=\"elementor-widget-container\">\n\t\t\t\t\t\t\t\t\t<p><b>Dragi prijatelju,<\/b> \u017delio bih ti postaviti neka pitanja u dvije ili tri rije\u010di, koja su od <b>\u017eivotne va\u017enosti<\/b> i zatim, ako na njih nema\u0161 odgovora da te upitam kako da na\u0111e\u0161 pravi odgovor.<\/p><p>\u00a0\u00a0 Pitanja od \u017eivotne va\u017enosti zadiru u duboke rasprave a ja bih me\u0111utim, \u017eelio sve to pojedostavniti i upitati te: <b>\u201cJesi li spa\u0161en?\u201d<\/b><\/p><p>\u00a0\u00a0 Od \u010dega? sigurno \u0107e\u0161 se upitati.<\/p><p>\u00a0\u00a0 Od vje\u010dne osude tvoje du\u0161e, koja je neminovna za sve one koji ne poznaju Boga. Nema to nikakve veze sa \u010dlanstvom neke crkve bilo koje vrste, pitanje je jednostavno i nadasve va\u017eno. JESI LI SPA\u0160EN? Nije ni va\u1e91no da li si dobar, \u010dastan i po\u0161ten \u010dovjek, ve\u0107 jesi li spa\u0161en? Jer nitko ne mo\u1e91e nakon smrti do\u0107i u Bo\u017eju prisutnost ako nije spa\u0161en.<\/p><p>\u00a0\u00a0 To je evo pitanje. A evo i po\u010detnog odgovora.<\/p><p>\u00a0\u00a0 Isus Krist je rekao jednom uglednom i religioznom \u010dovjeku svog doba, Nikodemu: <b>\u201cMora\u0161 se nanovo roditi!\u201d<\/b> To je jedini Bo\u017eji plan spasenja, a slijede\u0107i njegove upute mo\u017ee\u0161 ve\u0107 danas biti spa\u0161en.<\/p><p>\u00a0\u00a0 Prvo, dragi prijatelju, mora\u0161 shvatiti da si gre\u0161nik. To naime izjavljuje Sveto Pismo za svakog \u010dovjeka bez razlike: <b>\u201cNema ni jednog pravednoga, ba\u0161 ni jednoga!\u201d <\/b>(Rim. 3:10)<\/p><p>\u00a0\u00a0 \u201cJer svi bez razlike sagnije\u0161i\u0161e i izgubi\u0161e Bo\u017eju slavu.\u201d (Rim. 3:22, 23)<\/p><p>\u00a0\u00a0 Nema druge mogu\u0107nosti spasenja osim kroz priznanje da si gre\u0161an. A budu\u0107i si gre\u0161an, <b>osu\u0111en si na vje\u010dnu smrt.<\/b><\/p><p>\u00a0\u00a0 \u201cJer je pla\u010da za grijeh smrt!\u201d (Rim 6:23)<\/p><p>\u00a0\u00a0 \u201cA grijeh donosi smrt.\u201d (Jakov 1:25)<\/p><p>\u00a0\u00a0 To sve ukratko zna\u010di <b>odvojenje od Boga, <\/b>bora\u017eak zauvijek u paklu. Kako je to stra\u0161no! Istina je to, dragi moj prijatelju. Me\u0111utim, Bog je toliko ljubio i tebe, da je dao svog jedinoro\u0111enog Sina Isusa Krista kao tvog zamjenika za vje\u010dnu smrtnu osudu, koji je <b>preuzeo na Sebe sve tovoje grijehe<\/b> i umro umjesto tebe.<\/p><p>\u00a0\u00a0 \u201cNjega (Isusa) koji je bio bez ikakva grijeha Bog u\u010dini umjesto nas grijehom, da mi u Njemu postanemo pravedno\u0161\u0107u Bo\u017ejom.\u201d (2. Kor. 5:21)<\/p><p>\u00a0\u00a0 \u201cOn koji osobno u svom tijelu na\u0161e grijehe uznese na kri\u017e da mi umrijev\u0161i svojim grijesima \u017eivimo pravednosti, On \u010dijim ste modricama izlije\u010deni.\u201d (1. Petrova 2:24)<\/p><p>\u00a0\u00a0 Prema ovome Isus je trebao umrijeti. Morao je proliti Svoju krv, jer.<\/p><p>\u00a0\u00a0 \u201c. . . bez prolijevanja krvi nema opro\u0161tenja grijeha.\u201d (Hebr. 9:22)<\/p><p>\u00a0\u00a0 Te\u0161ko nam je shvatiti kako je bilo mogu\u0107e polo\u017eiti na\u0161e grijehe na Isusa ali u Bo\u017ejoj je rije\u010di tako izneseno. I eto, moj prijatelju, tvoji su grijesi bili polo\u017eeni na Isusa i On je umro umjesto tebe. To je istina jer Bog ne la\u017ee!<\/p><p>\u00a0\u00a0 <b>I \u0161to da u\u010dinim da bih se spasio?<\/b> upitat \u0107e\u0161 sigurno.<\/p><p>\u00a0\u00a0 Odgovorit \u0107u ti nije\u010dima apostola Pavla:<\/p><p>\u00a0\u00a0 <b>\u201cVjeruj u Gospodina Isusa Krista pa \u0107e\u0161 se spasiti ti i tvoj dom.\u201d<\/b> (Djela 16:31)<\/p><p>\u00a0\u00a0 A \u0161to zna\u010di vjerovati u Njega, pitat \u0107e\u0161 dalje.<\/p><p>\u00a0\u00a0 Jednostavno vjeruj u Njega kao u Osobu koja je na sebe preuzela sve tvoje grijehe, cijelu kaznu, koji je i umro umjesto tebe ali i uskrsnuo da bi ti bio opravdan, bez grijeha.<\/p><p>\u00a0\u00a0 I prizovi Ga u molitvi.<\/p><p>\u00a0\u00a0 \u201cJer tkogod zazove ime Gospodnje spasit \u0107e se.\u201d (Rim. 10:13)<\/p><p>\u00a0\u00a0 Ako ti je nejasan pojam politve, na\u0107i \u0107e\u0161 najbolji opis prave i iskrene molitve gre\u0161nika u Svetom Pismu:<\/p><p>\u00a0\u00a0 <b>\u201cBo\u017ee smiluj se meni gre\u0161niku!\u201d <\/b>(Luka 18:13)<\/p><p>\u00a0\u00a0 Sigurno ve\u0107 uvi\u0111a\u0161 da si gre\u0161nik i te\u0161ko ti je radi toga. Zato odmah bilo gdje se nalazio, uputi molbu iz iskrenog srca Bogu u molitvi. Nisu potrebne duge i glasne molitve, jer sam Bog jedva \u010deka na tvoju molitvu da bi te spasio. Dovoljno ti je re\u0107i: <b>\u201cO Bo\u017ee, ja sam gre\u0161nik, kajem se, smiluj mi se i spasi me Krista radi!\u201d<\/b> Kad to u\u010dini\u0161 dr\u017ei se tad Njegova obe\u0107anja.<\/p><p>\u00a0\u00a0 Tko god (to uklju\u010duje i tebe) zazove ime Gospodnje spasit \u0107e se (ne ka\u017ee mogao bi ili ne\u0161to sli\u010dno, ve\u0107 spasit \u0107e\u0161 se).<\/p><p>\u00a0\u00a0 Kad si to shvatio dr\u017ei se Njegove rije\u010di. Po\u0161to i u\u010dinio ono \u0161to On zahtijeva, zatra\u017ei spasenje vjerom po Njegovoj rije\u010di. Nikakva crkva, sekta ili organizacija, \u010dak niti dobra djela, ni\u0161ta te ne mo\u017ee spasiti ve\u0107 jedino Isus Krist.<\/p><p>\u00a0\u00a0 I jednostavni plan spasenja je ovaj:<\/p><p>\u00a0\u00a0 Gre\u0161nik si, zbog svojih bi grijeha morao umrijeti ali ako vjeruje\u0161 u Isusa Krista kao Onog, koji je umjesto tebe umro i koji je uskrsnuo, bit \u0107e\u0161 spa\u0161en. Zazovi Boga shvativ\u0161i da si gre\u0161nik, zatra\u017ei Ga da ti se smiluje radi Krista. Tada se dr\u017ei Njegova obe\u0107anja i vjerom prihvati ponu\u0111eno spasenje.<\/p><p>\u00a0\u00a0 Mo\u017eda \u0107e\u0161 re\u0107i: \u201cPa nije to valjda sve \u0161to mi je potrebno za spasenje?\u201d<\/p><p>\u00a0\u00a0 Da, ba\u0161 sve. Hvala Bogu, mnogi su postali kr\u0161\u0107ani, Kristovi sljedbenioi pomo\u0107u tog jednostavnog plana spasenja. Taj je plan istinit jer je osnovan na Svetom Pismu.<\/p><p>\u00a0\u00a0 Prijatelju, bjeruj u to i slijedi te upute, i to odmah, jer danas je dan tvog spasenja.<\/p><p>\u00a0\u00a0 \u201cPazite! Sada je pravo vrijeme, <b>sada je dan spasenja.\u201d<\/b> (2. Kor. 6:2)<\/p><p>\u00a0\u00a0 \u201cNe hvali se danom sutra\u0161njim, jer ne zna\u0161 \u0161to danas mo\u017ee donijeti.\u201d (Pri\u010de 27:1)<\/p><p>\u00a0\u00a0 Ako ti ova poruka nije dovoljno jasna pro\u010ditaj ju iznova, sve dok ju posve ne shvati\u0161. Nemoj baciti ovaj traktat dok kroz njega ne na\u0111e\u0161 svoje spasenje. <b>Tvoja du\u0161a vrijedi vi\u0161e nego cijeli svijet.<\/b><\/p><p>\u00a0\u00a0 \u201c\u0160to dakle, koristi \u010dovjeku ako dobije cijeli svijet, a izgubi svoj \u017eivot? \u0160to li mo\u017ee \u010dovjek dati kao otkupninu za svoj \u017eivot?\u201d (Marko 8:36, 37).<\/p><p>\u00a0\u00a0 Budi siguran u svoje spasenje, Ono ti je potrebnije nego i\u0161ta drugo. Ako izgubi\u0161 svoju du\u0161u, svoj \u017eivot, proma\u0161it \u0107e\u0161 vje\u010dnost, izgubiti ju. Neka ti Bog pomogne da se danas spasi\u0161. Jer On \u0107e te spasiti i \u010duvati te.<\/p><p>\u00a0\u00a0 \u201cNikakva ku\u0161nja ve\u0107a od Ijudske snage nije vas zadesila. Bog je vjeran i ne\u0107e dopustiti da budet ku\u0161ani preko va\u0161ih snaga, nego \u0107e vam zajedno s ku\u0161njom dati sretan ishod, da je mo\u017eete podnijet.\u201d (1. Kor. 10:13)<\/p><p>\u00a0\u00a0 Nemoj se osloniti na svoje osje\u0107aje. Oni se mijenjaju. Osloni se na Bo\u017eja obe\u0107anja. Ona se nikad ne mijenjaju.<\/p><p>\u00a0\u00a0 Kad si spa\u0161en, tri stvari su ti potrebne za duhoinv uzrast. <b>MOLITA<\/b> &#8211; to je razgovor s Bogom, <b>\u010cITANJE BIBLIJE<\/b> &#8211; Bog Razgovara s tobom, <b>SVJEDO\u010cENJE<\/b> &#8211; s drugima razgovora\u0161 o Bogu.<\/p><p>\u00a0\u00a0 \u201cTko god Mene prizna pred ljudima, priznat \u0107u i Ja njega pred svojim Ocem nebeskim.\u201d (Matej 10:32)\u00a0\u00a0\u00a0\u00a0\u00a0\u00a0\u00a0\u00a0\u00a0<\/p>\t\t\t\t\t\t\t\t<\/div>\n\t\t\t\t<\/div>\n\t\t\t\t<\/div>\n\t\t\t\t<\/div>\n\t\t\t\t<\/div>\n\t\t\t\t\t<\/div>\n\t\t\t\t<\/div>\n\t\t<div class=\"elementor-element elementor-element-1d5f182 e-flex e-con-boxed e-con e-parent\" data-id=\"1d5f182\" data-element_type=\"container\" data-e-type=\"container\" data-settings=\"{&quot;jet_parallax_layout_list&quot;:[]}\">\n\t\t\t\t\t<div class=\"e-con-inner\">\n\t\t\t\t<div class=\"elementor-element elementor-element-ece06c1 elementor-widget elementor-widget-video\" data-id=\"ece06c1\" data-element_type=\"widget\" data-e-type=\"widget\" data-settings=\"{&quot;youtube_url&quot;:&quot;https:\\\/\\\/www.youtube.com\\\/watch?v=ERmvjVx5yaI&amp;list=PLCIwNfqvKtdCPVvikQnOL0iaM71l-DwnE&amp;index=0&quot;,&quot;video_type&quot;:&quot;youtube&quot;,&quot;controls&quot;:&quot;yes&quot;}\" data-widget_type=\"video.default\">\n\t\t\t\t<div class=\"elementor-widget-container\">\n\t\t\t\t\t\t\t<div class=\"elementor-wrapper elementor-open-inline\">\n\t\t\t<div class=\"elementor-video\"><\/div>\t\t<\/div>\n\t\t\t\t\t\t<\/div>\n\t\t\t\t<\/div>\n\t\t\t\t\t<\/div>\n\t\t\t\t<\/div>\n\t\t\t\t<section class=\"elementor-section elementor-top-section elementor-element elementor-element-c903234 elementor-section-full_width elementor-section-height-min-height elementor-section-items-stretch elementor-section-content-middle elementor-section-height-default\" data-id=\"c903234\" data-element_type=\"section\" data-e-type=\"section\" data-settings=\"{&quot;background_background&quot;:&quot;classic&quot;,&quot;jet_parallax_layout_list&quot;:[]}\">\n\t\t\t\t\t\t<div class=\"elementor-container elementor-column-gap-no\">\n\t\t\t\t\t<div class=\"elementor-column elementor-col-100 elementor-top-column elementor-element elementor-element-22108f6\" data-id=\"22108f6\" data-element_type=\"column\" data-e-type=\"column\">\n\t\t\t<div class=\"elementor-widget-wrap elementor-element-populated\">\n\t\t\t\t\t\t<div class=\"elementor-element elementor-element-a798095 elementor-widget elementor-widget-heading\" data-id=\"a798095\" data-element_type=\"widget\" data-e-type=\"widget\" data-widget_type=\"heading.default\">\n\t\t\t\t<div class=\"elementor-widget-container\">\n\t\t\t\t\t<h2 class=\"elementor-heading-title elementor-size-default\">Zanima vas vi\u0161e resursa?<\/h2>\t\t\t\t<\/div>\n\t\t\t\t<\/div>\n\t\t\t\t<div class=\"jet-popup-target elementor-element elementor-element-3139589 elementor-align-center elementor-tablet-align-center elementor-invisible elementor-widget elementor-widget-button\" data-jet-popup=\"{&quot;attached-popup&quot;:&quot;jet-popup-4012&quot;,&quot;trigger-type&quot;:&quot;click&quot;,&quot;trigger-custom-selector&quot;:&quot;&quot;}\" data-id=\"3139589\" data-element_type=\"widget\" data-e-type=\"widget\" data-settings=\"{&quot;_animation&quot;:&quot;pulse&quot;}\" data-widget_type=\"button.default\">\n\t\t\t\t<div class=\"elementor-widget-container\">\n\t\t\t\t\t\t\t\t\t<div class=\"elementor-button-wrapper\">\n\t\t\t\t\t<a class=\"elementor-button elementor-button-link elementor-size-sm elementor-animation-grow\" href=\"#\">\n\t\t\t\t\t\t<span class=\"elementor-button-content-wrapper\">\n\t\t\t\t\t\t\t\t\t<span class=\"elementor-button-text\">Kontaktirajte nas<\/span>\n\t\t\t\t\t<\/span>\n\t\t\t\t\t<\/a>\n\t\t\t\t<\/div>\n\t\t\t\t\t\t\t\t<\/div>\n\t\t\t\t<\/div>\n\t\t\t\t\t<\/div>\n\t\t<\/div>\n\t\t\t\t\t<\/div>\n\t\t<\/section>\n\t\t\t\t<\/div>\n\t\t","protected":false},"excerpt":{"rendered":"<p>Ova web stranica slavi istinsku pobjedu u sportu i \u017eivotu, sada i zauvijek. Molimo provjerite!\u200b Pobjeda u Sportu Kim Pavlin &#8211; Hrvatska Plivanje &#8220;BOG ME JE PROVEO KROZ MNOGE BORBE I \u017dRTVE.&#8221; Upoznala sam Krista kad sam jo\u0161 bila mala, odrastaju\u0107u u domu s roditeljima kr\u0161\u0107anima koji su bili spa\u0161eni kroz slu\u017ebu Billy Grahama. Moja [&hellip;]<\/p>\n","protected":false},"author":1,"featured_media":0,"parent":0,"menu_order":0,"comment_status":"closed","ping_status":"closed","template":"elementor_header_footer","meta":{"_monsterinsights_skip_tracking":false,"_monsterinsights_sitenote_active":false,"_monsterinsights_sitenote_note":"","_monsterinsights_sitenote_category":0,"footnotes":""},"class_list":["post-3438","page","type-page","status-publish","hentry"],"_links":{"self":[{"href":"https:\/\/truevictory.net\/hr\/wp-json\/wp\/v2\/pages\/3438","targetHints":{"allow":["GET"]}}],"collection":[{"href":"https:\/\/truevictory.net\/hr\/wp-json\/wp\/v2\/pages"}],"about":[{"href":"https:\/\/truevictory.net\/hr\/wp-json\/wp\/v2\/types\/page"}],"author":[{"embeddable":true,"href":"https:\/\/truevictory.net\/hr\/wp-json\/wp\/v2\/users\/1"}],"replies":[{"embeddable":true,"href":"https:\/\/truevictory.net\/hr\/wp-json\/wp\/v2\/comments?post=3438"}],"version-history":[{"count":11,"href":"https:\/\/truevictory.net\/hr\/wp-json\/wp\/v2\/pages\/3438\/revisions"}],"predecessor-version":[{"id":4942,"href":"https:\/\/truevictory.net\/hr\/wp-json\/wp\/v2\/pages\/3438\/revisions\/4942"}],"wp:attachment":[{"href":"https:\/\/truevictory.net\/hr\/wp-json\/wp\/v2\/media?parent=3438"}],"curies":[{"name":"wp","href":"https:\/\/api.w.org\/{rel}","templated":true}]}}